{"id":3,"date":"2023-11-08T10:09:39","date_gmt":"2023-11-08T09:09:39","guid":{"rendered":"http:\/\/www.nihiliste.art\/?page_id=3"},"modified":"2023-12-12T10:05:29","modified_gmt":"2023-12-12T09:05:29","slug":"politique-de-confidentialite","status":"publish","type":"page","link":"https:\/\/www.nihiliste.art\/index.php\/politique-de-confidentialite\/","title":{"rendered":"Politique de confidentialit\u00e9"},"content":{"rendered":"\t\t<div data-elementor-type=\"wp-page\" data-elementor-id=\"3\" class=\"elementor elementor-3\">\n\t\t\t\t<div class=\"elementor-element elementor-element-23933ebf e-flex e-con-boxed e-con e-parent\" data-id=\"23933ebf\" data-element_type=\"container\" data-e-type=\"container\">\n\t\t\t\t\t<div class=\"e-con-inner\">\n\t\t\t\t<div class=\"elementor-element elementor-element-10642a4a elementor-widget elementor-widget-text-editor\" data-id=\"10642a4a\" data-element_type=\"widget\" data-e-type=\"widget\" data-widget_type=\"text-editor.default\">\n\t\t\t\t<div class=\"elementor-widget-container\">\n\t\t\t\t\t\t\t\t\t\n<h2 id=\"Mentions-l\u00e9gales\" class=\"wp-block-heading has-text-color has-link-color wp-elements-a260c9ee67d6c62b0b111fa327616b4e\" style=\"color: #f2e685; font-style: normal; font-weight: 400;\">Mentions l\u00e9gales<\/h2>\n\n<p>En vertu de l\u2019article 6 de la loi n\u00b0 2004-575 du 21 juin 2004 pour la confiance dans l\u2019\u00e9conomie num\u00e9rique, il est pr\u00e9cis\u00e9 aux utilisateurs du site : https:\/\/www.nihiliste.art que ce site est la propri\u00e9t\u00e9 de C\u00e9dric Gyger &#8211; 21 Avenue Denfert Rochereau 25000 Besan\u00e7on. Le cr\u00e9ateur est C\u00e9dric Gyger, le responsable des publications est C\u00e9dric Gyger, le webmaster est C\u00e9dric Gyger et l&rsquo;h\u00e9bergeur est OVH &#8211; https:\/\/www.ovhcloud.com\/fr\/<\/p>\n\n<p>Pour tout contact avec C\u00e9dric Gyger merci d&rsquo;utiliser le formulaire de contact\u00a0 du site.<\/p>\n\n<h2 class=\"wp-block-heading has-text-color has-link-color wp-elements-a87f38bf164e5c974db73e30f66fffeb\" style=\"color: #f2e685; font-style: normal; font-weight: 400;\">Conditions g\u00e9n\u00e9rales d&rsquo;utilisation et consentement<\/h2>\n\n<p>En utilisant ce site, vous consentez \u00e0 la politique de confidentialit\u00e9 de celui-ci ainsi que l&rsquo;acceptation des conditions g\u00e9n\u00e9rales d&rsquo;utilisation.<\/p>\n\n<h2 class=\"wp-block-heading has-text-color has-link-color has-medium-font-size wp-elements-edfe6775f7f12bc13c08122e718076c2\" style=\"color: #f2e685; font-style: normal; font-weight: 400;\">Coll<span style=\"color: #f2e685;\">ecte des information<\/span>s<\/h2>\n\n<p>Nous collectons des informations lorsque vous remplissez le formulaire de contact. Les informations recueillies incluent votre nom, votre adresse e-mail. En outre, nous recevons et enregistrons automatiquement des informations \u00e0 partir de votre ordinateur et navigateur, y compris votre adresse IP.<\/p>\n\n<h2 id=\"Cookies\" class=\"wp-block-heading has-text-color has-link-color wp-elements-9ad27f26ab461a55294b9ea6bc67bc19\" style=\"color: #f2e685; font-style: normal; font-weight: 400;\">Cookies<\/h2>\n\n<p>Nous utilisons des cookies pour le fonctionnement notre site web. Mais nous n&rsquo;utilisons pas de cookies de tierces parties, comme googles analytics. Et si tu aimes pas les cookies mange des TUC.<\/p>\n\n<h2 class=\"wp-block-heading has-text-color has-link-color wp-elements-fc05012c8950f8e3321cf34cfc0d6826\" style=\"color: #f2e685; font-style: normal; font-weight: 400;\">Propri\u00e9t\u00e9 intellectuelle<\/h2>\n\n<p>C\u00e9dric Gyger est propri\u00e9taire des droits de propri\u00e9t\u00e9 intellectuelle ou d\u00e9tient les droits d&rsquo;usage sur tous les \u00e9l\u00e9ments accessible sur le site, soit textes, images, photographies, graphismes, logos, ic\u00f4nes, sons et autres.<br \/>Toutes reproductions, repr\u00e9sentation, modification, publication et adaptation de tout ou partie des \u00e9l\u00e9ments du site, est interdite. Sauf consentement de C\u00e9dric Gyger.<br \/>Toute exploitation du site, des photographies et autres m\u00e9dias sera consid\u00e9r\u00e9e comme une violation des articles L.111-1 et suivants, L335-2 du code de la propri\u00e9t\u00e9 intellectuelle.<\/p>\n\n<h2 class=\"wp-block-heading has-text-color has-link-color wp-elements-b16bb15798cec9f14de00e6cda8f4da4\" style=\"color: #f2e685; font-style: normal; font-weight: 400;\">Les droits que vous avez sur vos donn\u00e9es<\/h2>\n\n<p>Si vous avez un compte ou si vous avez laiss\u00e9 des commentaires sur le site, vous pouvez demander \u00e0 recevoir un fichier contenant toutes les donn\u00e9es personnelles que nous poss\u00e9dons \u00e0 votre sujet, incluant celles que vous nous avez fournies. Vous pouvez \u00e9galement demander la suppression des donn\u00e9es personnelles vous concernant. Cela ne prend pas en compte les donn\u00e9es stock\u00e9es \u00e0 des fins administratives, l\u00e9gales ou pour des raisons de s\u00e9curit\u00e9.<\/p>\n\n<h2 class=\"wp-block-heading has-text-color has-link-color has-medium-font-size wp-elements-52155fe23235a4785f632b171633c2fe\" style=\"color: #f2e685; font-style: normal; font-weight: 400;\">Transmission de vos donn\u00e9es personnelles<\/h2>\n\n<p>Toutes les informations que nous recueillons aupr\u00e8s de vous ne sont et ne seront ni divulgu\u00e9es, ni vendues, ni utilis\u00e9es \u00e0 d\u2019autres fins que de vous r\u00e9pondre.<\/p>\n\n<p class=\"has-medium-font-size\"><a href=\"https:\/\/www.legifrance.gouv.fr\/loda\/article_lc\/LEGIARTI000037822807\/\">Lire l\u2019article de loi relative \u00e0 l\u2019informatique, aux fichiers et aux libert\u00e9s<\/a><\/p>\n\t\t\t\t\t\t\t\t<\/div>\n\t\t\t\t<\/div>\n\t\t\t\t\t<\/div>\n\t\t\t\t<\/div>\n\t\t\t\t<\/div>\n\t\t","protected":false},"excerpt":{"rendered":"<p>Mentions l\u00e9gales En vertu de l\u2019article 6 de la loi n\u00b0 2004-575 du 21 juin 2004 pour la confiance dans l\u2019\u00e9conomie num\u00e9rique, il est pr\u00e9cis\u00e9 aux utilisateurs du site : https:\/\/www.nihiliste.art que ce site est la propri\u00e9t\u00e9 de C\u00e9dric Gyger &#8211; 21 Avenue Denfert Rochereau 25000 Besan\u00e7on. Le cr\u00e9ateur est C\u00e9dric Gyger, le responsable des [&hellip;]<\/p>\n","protected":false},"author":1,"featured_media":0,"parent":0,"menu_order":0,"comment_status":"closed","ping_status":"open","template":"","meta":{"ocean_post_layout":"","ocean_both_sidebars_style":"","ocean_both_sidebars_content_width":0,"ocean_both_sidebars_sidebars_width":0,"ocean_sidebar":"","ocean_second_sidebar":"","ocean_disable_margins":"enable","ocean_add_body_class":"","ocean_shortcode_before_top_bar":"","ocean_shortcode_after_top_bar":"","ocean_shortcode_before_header":"","ocean_shortcode_after_header":"","ocean_has_shortcode":"","ocean_shortcode_after_title":"","ocean_shortcode_before_footer_widgets":"","ocean_shortcode_after_footer_widgets":"","ocean_shortcode_before_footer_bottom":"","ocean_shortcode_after_footer_bottom":"","ocean_display_top_bar":"default","ocean_display_header":"default","ocean_header_style":"","ocean_center_header_left_menu":"","ocean_custom_header_template":"","ocean_custom_logo":0,"ocean_custom_retina_logo":0,"ocean_custom_logo_max_width":0,"ocean_custom_logo_tablet_max_width":0,"ocean_custom_logo_mobile_max_width":0,"ocean_custom_logo_max_height":0,"ocean_custom_logo_tablet_max_height":0,"ocean_custom_logo_mobile_max_height":0,"ocean_header_custom_menu":"","ocean_menu_typo_font_family":"","ocean_menu_typo_font_subset":"","ocean_menu_typo_font_size":0,"ocean_menu_typo_font_size_tablet":0,"ocean_menu_typo_font_size_mobile":0,"ocean_menu_typo_font_size_unit":"px","ocean_menu_typo_font_weight":"","ocean_menu_typo_font_weight_tablet":"","ocean_menu_typo_font_weight_mobile":"","ocean_menu_typo_transform":"","ocean_menu_typo_transform_tablet":"","ocean_menu_typo_transform_mobile":"","ocean_menu_typo_line_height":0,"ocean_menu_typo_line_height_tablet":0,"ocean_menu_typo_line_height_mobile":0,"ocean_menu_typo_line_height_unit":"","ocean_menu_typo_spacing":0,"ocean_menu_typo_spacing_tablet":0,"ocean_menu_typo_spacing_mobile":0,"ocean_menu_typo_spacing_unit":"","ocean_menu_link_color":"","ocean_menu_link_color_hover":"","ocean_menu_link_color_active":"","ocean_menu_link_background":"","ocean_menu_link_hover_background":"","ocean_menu_link_active_background":"","ocean_menu_social_links_bg":"","ocean_menu_social_hover_links_bg":"","ocean_menu_social_links_color":"","ocean_menu_social_hover_links_color":"","ocean_disable_title":"default","ocean_disable_heading":"default","ocean_post_title":"","ocean_post_subheading":"","ocean_post_title_style":"","ocean_post_title_background_color":"","ocean_post_title_background":0,"ocean_post_title_bg_image_position":"","ocean_post_title_bg_image_attachment":"","ocean_post_title_bg_image_repeat":"","ocean_post_title_bg_image_size":"","ocean_post_title_height":0,"ocean_post_title_bg_overlay":0.5,"ocean_post_title_bg_overlay_color":"","ocean_disable_breadcrumbs":"default","ocean_breadcrumbs_color":"","ocean_breadcrumbs_separator_color":"","ocean_breadcrumbs_links_color":"","ocean_breadcrumbs_links_hover_color":"","ocean_display_footer_widgets":"default","ocean_display_footer_bottom":"default","ocean_custom_footer_template":"","slim_seo":{"title":"Politique de confidentialit\u00e9","description":"Mentions l\u00e9gales En vertu de l\u2019article 6 de la loi n\u00b0 2004-575 du 21 juin 2004 pour la confiance dans l\u2019\u00e9conomie num\u00e9rique, il est pr\u00e9cis\u00e9 aux utilisateurs du s"},"_vp_format_video_url":"","_vp_image_focal_point":[],"footnotes":""},"class_list":["post-3","page","type-page","status-publish","hentry","entry"],"_links":{"self":[{"href":"https:\/\/www.nihiliste.art\/index.php\/wp-json\/wp\/v2\/pages\/3","targetHints":{"allow":["GET"]}}],"collection":[{"href":"https:\/\/www.nihiliste.art\/index.php\/wp-json\/wp\/v2\/pages"}],"about":[{"href":"https:\/\/www.nihiliste.art\/index.php\/wp-json\/wp\/v2\/types\/page"}],"author":[{"embeddable":true,"href":"https:\/\/www.nihiliste.art\/index.php\/wp-json\/wp\/v2\/users\/1"}],"replies":[{"embeddable":true,"href":"https:\/\/www.nihiliste.art\/index.php\/wp-json\/wp\/v2\/comments?post=3"}],"version-history":[{"count":50,"href":"https:\/\/www.nihiliste.art\/index.php\/wp-json\/wp\/v2\/pages\/3\/revisions"}],"predecessor-version":[{"id":942,"href":"https:\/\/www.nihiliste.art\/index.php\/wp-json\/wp\/v2\/pages\/3\/revisions\/942"}],"wp:attachment":[{"href":"https:\/\/www.nihiliste.art\/index.php\/wp-json\/wp\/v2\/media?parent=3"}],"curies":[{"name":"wp","href":"https:\/\/api.w.org\/{rel}","templated":true}]}}