{"id":204,"date":"2023-11-07T15:17:55","date_gmt":"2023-11-07T14:17:55","guid":{"rendered":"https:\/\/www.nihiliste.art\/?page_id=204"},"modified":"2024-12-01T14:06:14","modified_gmt":"2024-12-01T13:06:14","slug":"photographie","status":"publish","type":"page","link":"https:\/\/www.nihiliste.art\/index.php\/photographie\/","title":{"rendered":"photographie"},"content":{"rendered":"\t\t<div data-elementor-type=\"wp-page\" data-elementor-id=\"204\" class=\"elementor elementor-204\">\n\t\t\t\t<div class=\"elementor-element elementor-element-51a45f7 e-grid e-con-boxed e-con e-parent\" data-id=\"51a45f7\" data-element_type=\"container\" data-e-type=\"container\">\n\t\t\t\t\t<div class=\"e-con-inner\">\n\t\t\t\t<div class=\"elementor-element elementor-element-322959b elementor-widget elementor-widget-image\" data-id=\"322959b\" data-element_type=\"widget\" data-e-type=\"widget\" data-widget_type=\"image.default\">\n\t\t\t\t<div class=\"elementor-widget-container\">\n\t\t\t\t\t\t\t\t\t\t\t\t<figure class=\"wp-caption\">\n\t\t\t\t\t\t\t\t\t\t\t<a href=\"https:\/\/www.nihiliste.art\/index.php\/de-fer-et-de-pierre\/\">\n\t\t\t\t\t\t\t<img fetchpriority=\"high\" decoding=\"async\" width=\"683\" height=\"1024\" src=\"https:\/\/www.nihiliste.art\/wp-content\/uploads\/2023\/10\/de-fer-et-de-pierre-11-683x1024.jpg\" class=\"attachment-large size-large wp-image-40\" alt=\"de fer et de pierre photographie\" srcset=\"https:\/\/www.nihiliste.art\/wp-content\/uploads\/2023\/10\/de-fer-et-de-pierre-11-683x1024.jpg 683w, https:\/\/www.nihiliste.art\/wp-content\/uploads\/2023\/10\/de-fer-et-de-pierre-11-200x300.jpg 200w, https:\/\/www.nihiliste.art\/wp-content\/uploads\/2023\/10\/de-fer-et-de-pierre-11-768x1152.jpg 768w, https:\/\/www.nihiliste.art\/wp-content\/uploads\/2023\/10\/de-fer-et-de-pierre-11-1024x1536.jpg 1024w, https:\/\/www.nihiliste.art\/wp-content\/uploads\/2023\/10\/de-fer-et-de-pierre-11-500x750.jpg 500w, https:\/\/www.nihiliste.art\/wp-content\/uploads\/2023\/10\/de-fer-et-de-pierre-11-800x1200.jpg 800w, https:\/\/www.nihiliste.art\/wp-content\/uploads\/2023\/10\/de-fer-et-de-pierre-11.jpg 1280w\" sizes=\"(max-width: 683px) 100vw, 683px\" \/>\t\t\t\t\t\t\t\t<\/a>\n\t\t\t\t\t\t\t\t\t\t\t<figcaption class=\"widget-image-caption wp-caption-text\">De fer et de pierre<\/figcaption>\n\t\t\t\t\t\t\t\t\t\t<\/figure>\n\t\t\t\t\t\t\t\t\t<\/div>\n\t\t\t\t<\/div>\n\t\t\t\t<div class=\"elementor-element elementor-element-2f50ee6 elementor-widget elementor-widget-image\" data-id=\"2f50ee6\" data-element_type=\"widget\" data-e-type=\"widget\" data-widget_type=\"image.default\">\n\t\t\t\t<div class=\"elementor-widget-container\">\n\t\t\t\t\t\t\t\t\t\t\t\t<figure class=\"wp-caption\">\n\t\t\t\t\t\t\t\t\t\t\t<a href=\"https:\/\/www.nihiliste.art\/index.php\/water-towers\/\">\n\t\t\t\t\t\t\t<img decoding=\"async\" width=\"683\" height=\"1024\" src=\"https:\/\/www.nihiliste.art\/wp-content\/uploads\/2024\/11\/WT_St.Avold_web-683x1024.jpg\" class=\"attachment-large size-large wp-image-2587\" alt=\"Water Tower (Ch\u00e2teau d&#039;eau), St.avold, Moselle, Grand-Est, France\" srcset=\"https:\/\/www.nihiliste.art\/wp-content\/uploads\/2024\/11\/WT_St.Avold_web-683x1024.jpg 683w, https:\/\/www.nihiliste.art\/wp-content\/uploads\/2024\/11\/WT_St.Avold_web-200x300.jpg 200w, https:\/\/www.nihiliste.art\/wp-content\/uploads\/2024\/11\/WT_St.Avold_web-768x1152.jpg 768w, https:\/\/www.nihiliste.art\/wp-content\/uploads\/2024\/11\/WT_St.Avold_web-1024x1536.jpg 1024w, https:\/\/www.nihiliste.art\/wp-content\/uploads\/2024\/11\/WT_St.Avold_web-500x750.jpg 500w, https:\/\/www.nihiliste.art\/wp-content\/uploads\/2024\/11\/WT_St.Avold_web-800x1200.jpg 800w, https:\/\/www.nihiliste.art\/wp-content\/uploads\/2024\/11\/WT_St.Avold_web-1280x1920.jpg 1280w, https:\/\/www.nihiliste.art\/wp-content\/uploads\/2024\/11\/WT_St.Avold_web.jpg 1320w\" sizes=\"(max-width: 683px) 100vw, 683px\" \/>\t\t\t\t\t\t\t\t<\/a>\n\t\t\t\t\t\t\t\t\t\t\t<figcaption class=\"widget-image-caption wp-caption-text\">Water Towers<\/figcaption>\n\t\t\t\t\t\t\t\t\t\t<\/figure>\n\t\t\t\t\t\t\t\t\t<\/div>\n\t\t\t\t<\/div>\n\t\t\t\t<div class=\"elementor-element elementor-element-2dd41ba elementor-widget elementor-widget-image\" data-id=\"2dd41ba\" data-element_type=\"widget\" data-e-type=\"widget\" data-widget_type=\"image.default\">\n\t\t\t\t<div class=\"elementor-widget-container\">\n\t\t\t\t\t\t\t\t\t\t\t\t<figure class=\"wp-caption\">\n\t\t\t\t\t\t\t\t\t\t\t<a href=\"https:\/\/www.nihiliste.art\/index.php\/brutal\/\">\n\t\t\t\t\t\t\t<img decoding=\"async\" width=\"683\" height=\"1024\" src=\"https:\/\/www.nihiliste.art\/wp-content\/uploads\/2024\/11\/DSC_2044_Nik-683x1024.jpg\" class=\"attachment-large size-large wp-image-2624\" alt=\"ancien centre de tri postal \u00e0 Besan\u00e7on, Franche-Comt\u00e9, France\" srcset=\"https:\/\/www.nihiliste.art\/wp-content\/uploads\/2024\/11\/DSC_2044_Nik-683x1024.jpg 683w, https:\/\/www.nihiliste.art\/wp-content\/uploads\/2024\/11\/DSC_2044_Nik-200x300.jpg 200w, https:\/\/www.nihiliste.art\/wp-content\/uploads\/2024\/11\/DSC_2044_Nik-768x1152.jpg 768w, https:\/\/www.nihiliste.art\/wp-content\/uploads\/2024\/11\/DSC_2044_Nik-1024x1536.jpg 1024w, https:\/\/www.nihiliste.art\/wp-content\/uploads\/2024\/11\/DSC_2044_Nik-500x750.jpg 500w, https:\/\/www.nihiliste.art\/wp-content\/uploads\/2024\/11\/DSC_2044_Nik-800x1200.jpg 800w, https:\/\/www.nihiliste.art\/wp-content\/uploads\/2024\/11\/DSC_2044_Nik.jpg 1280w\" sizes=\"(max-width: 683px) 100vw, 683px\" \/>\t\t\t\t\t\t\t\t<\/a>\n\t\t\t\t\t\t\t\t\t\t\t<figcaption class=\"widget-image-caption wp-caption-text\">Brutal<\/figcaption>\n\t\t\t\t\t\t\t\t\t\t<\/figure>\n\t\t\t\t\t\t\t\t\t<\/div>\n\t\t\t\t<\/div>\n\t\t\t\t<div class=\"elementor-element elementor-element-a401509 elementor-widget elementor-widget-image\" data-id=\"a401509\" data-element_type=\"widget\" data-e-type=\"widget\" data-widget_type=\"image.default\">\n\t\t\t\t<div class=\"elementor-widget-container\">\n\t\t\t\t\t\t\t\t\t\t\t\t<figure class=\"wp-caption\">\n\t\t\t\t\t\t\t\t\t\t\t<a href=\"https:\/\/www.nihiliste.art\/index.php\/crash-test\/\">\n\t\t\t\t\t\t\t<img loading=\"lazy\" decoding=\"async\" width=\"685\" height=\"1024\" src=\"https:\/\/www.nihiliste.art\/wp-content\/uploads\/2024\/08\/animaux-morts-011-685x1024.jpg\" class=\"attachment-large size-large wp-image-1728\" alt=\"blaireau \u00e9cras\u00e9 sur la route\" srcset=\"https:\/\/www.nihiliste.art\/wp-content\/uploads\/2024\/08\/animaux-morts-011-685x1024.jpg 685w, https:\/\/www.nihiliste.art\/wp-content\/uploads\/2024\/08\/animaux-morts-011-201x300.jpg 201w, https:\/\/www.nihiliste.art\/wp-content\/uploads\/2024\/08\/animaux-morts-011-768x1148.jpg 768w, https:\/\/www.nihiliste.art\/wp-content\/uploads\/2024\/08\/animaux-morts-011-1028x1536.jpg 1028w, https:\/\/www.nihiliste.art\/wp-content\/uploads\/2024\/08\/animaux-morts-011-500x747.jpg 500w, https:\/\/www.nihiliste.art\/wp-content\/uploads\/2024\/08\/animaux-morts-011-800x1195.jpg 800w, https:\/\/www.nihiliste.art\/wp-content\/uploads\/2024\/08\/animaux-morts-011-1280x1913.jpg 1280w, https:\/\/www.nihiliste.art\/wp-content\/uploads\/2024\/08\/animaux-morts-011.jpg 1325w\" sizes=\"(max-width: 685px) 100vw, 685px\" \/>\t\t\t\t\t\t\t\t<\/a>\n\t\t\t\t\t\t\t\t\t\t\t<figcaption class=\"widget-image-caption wp-caption-text\">Crash Test<\/figcaption>\n\t\t\t\t\t\t\t\t\t\t<\/figure>\n\t\t\t\t\t\t\t\t\t<\/div>\n\t\t\t\t<\/div>\n\t\t\t\t<div class=\"elementor-element elementor-element-480447f elementor-widget elementor-widget-image\" data-id=\"480447f\" data-element_type=\"widget\" data-e-type=\"widget\" data-widget_type=\"image.default\">\n\t\t\t\t<div class=\"elementor-widget-container\">\n\t\t\t\t\t\t\t\t\t\t\t\t<figure class=\"wp-caption\">\n\t\t\t\t\t\t\t\t\t\t\t<a href=\"https:\/\/www.nihiliste.art\/index.php\/friedhofsblumen\/\">\n\t\t\t\t\t\t\t<img loading=\"lazy\" decoding=\"async\" width=\"683\" height=\"1024\" src=\"https:\/\/www.nihiliste.art\/wp-content\/uploads\/2023\/11\/images-010friedhofsblumen-683x1024.jpg\" class=\"attachment-large size-large wp-image-573\" alt=\"Friedhofsblumen : souvenir\" srcset=\"https:\/\/www.nihiliste.art\/wp-content\/uploads\/2023\/11\/images-010friedhofsblumen-683x1024.jpg 683w, https:\/\/www.nihiliste.art\/wp-content\/uploads\/2023\/11\/images-010friedhofsblumen-200x300.jpg 200w, https:\/\/www.nihiliste.art\/wp-content\/uploads\/2023\/11\/images-010friedhofsblumen-768x1151.jpg 768w, https:\/\/www.nihiliste.art\/wp-content\/uploads\/2023\/11\/images-010friedhofsblumen-1025x1536.jpg 1025w, https:\/\/www.nihiliste.art\/wp-content\/uploads\/2023\/11\/images-010friedhofsblumen.jpg 1281w\" sizes=\"(max-width: 683px) 100vw, 683px\" \/>\t\t\t\t\t\t\t\t<\/a>\n\t\t\t\t\t\t\t\t\t\t\t<figcaption class=\"widget-image-caption wp-caption-text\">Friedhofsblumen<\/figcaption>\n\t\t\t\t\t\t\t\t\t\t<\/figure>\n\t\t\t\t\t\t\t\t\t<\/div>\n\t\t\t\t<\/div>\n\t\t\t\t<div class=\"elementor-element elementor-element-21635dc elementor-widget elementor-widget-image\" data-id=\"21635dc\" data-element_type=\"widget\" data-e-type=\"widget\" data-widget_type=\"image.default\">\n\t\t\t\t<div class=\"elementor-widget-container\">\n\t\t\t\t\t\t\t\t\t\t\t\t<figure class=\"wp-caption\">\n\t\t\t\t\t\t\t\t\t\t\t<a href=\"https:\/\/www.nihiliste.art\/index.php\/upup\/\">\n\t\t\t\t\t\t\t<img loading=\"lazy\" decoding=\"async\" width=\"700\" height=\"1024\" src=\"https:\/\/www.nihiliste.art\/wp-content\/uploads\/2023\/11\/UPUP-061-700x1024.jpg\" class=\"attachment-large size-large wp-image-715\" alt=\"immersion dans un UPUP\" srcset=\"https:\/\/www.nihiliste.art\/wp-content\/uploads\/2023\/11\/UPUP-061-700x1024.jpg 700w, https:\/\/www.nihiliste.art\/wp-content\/uploads\/2023\/11\/UPUP-061-205x300.jpg 205w, https:\/\/www.nihiliste.art\/wp-content\/uploads\/2023\/11\/UPUP-061-768x1124.jpg 768w, https:\/\/www.nihiliste.art\/wp-content\/uploads\/2023\/11\/UPUP-061-1050x1536.jpg 1050w, https:\/\/www.nihiliste.art\/wp-content\/uploads\/2023\/11\/UPUP-061-500x732.jpg 500w, https:\/\/www.nihiliste.art\/wp-content\/uploads\/2023\/11\/UPUP-061-800x1171.jpg 800w, https:\/\/www.nihiliste.art\/wp-content\/uploads\/2023\/11\/UPUP-061-1280x1873.jpg 1280w, https:\/\/www.nihiliste.art\/wp-content\/uploads\/2023\/11\/UPUP-061.jpg 1312w\" sizes=\"(max-width: 700px) 100vw, 700px\" \/>\t\t\t\t\t\t\t\t<\/a>\n\t\t\t\t\t\t\t\t\t\t\t<figcaption class=\"widget-image-caption wp-caption-text\">UPUP<\/figcaption>\n\t\t\t\t\t\t\t\t\t\t<\/figure>\n\t\t\t\t\t\t\t\t\t<\/div>\n\t\t\t\t<\/div>\n\t\t\t\t<div class=\"elementor-element elementor-element-b630e68 elementor-widget elementor-widget-image\" data-id=\"b630e68\" data-element_type=\"widget\" data-e-type=\"widget\" data-widget_type=\"image.default\">\n\t\t\t\t<div class=\"elementor-widget-container\">\n\t\t\t\t\t\t\t\t\t\t\t\t<figure class=\"wp-caption\">\n\t\t\t\t\t\t\t\t\t\t\t<a href=\"https:\/\/www.nihiliste.art\/index.php\/portrait\/\">\n\t\t\t\t\t\t\t<img loading=\"lazy\" decoding=\"async\" width=\"683\" height=\"1024\" src=\"https:\/\/www.nihiliste.art\/wp-content\/uploads\/2024\/09\/Portrait9-683x1024.jpg\" class=\"attachment-large size-large wp-image-1818\" alt=\"Portrait 02\" srcset=\"https:\/\/www.nihiliste.art\/wp-content\/uploads\/2024\/09\/Portrait9-683x1024.jpg 683w, https:\/\/www.nihiliste.art\/wp-content\/uploads\/2024\/09\/Portrait9-200x300.jpg 200w, https:\/\/www.nihiliste.art\/wp-content\/uploads\/2024\/09\/Portrait9-768x1152.jpg 768w, https:\/\/www.nihiliste.art\/wp-content\/uploads\/2024\/09\/Portrait9-1024x1536.jpg 1024w, https:\/\/www.nihiliste.art\/wp-content\/uploads\/2024\/09\/Portrait9-500x750.jpg 500w, https:\/\/www.nihiliste.art\/wp-content\/uploads\/2024\/09\/Portrait9-800x1200.jpg 800w, https:\/\/www.nihiliste.art\/wp-content\/uploads\/2024\/09\/Portrait9-1280x1920.jpg 1280w, https:\/\/www.nihiliste.art\/wp-content\/uploads\/2024\/09\/Portrait9.jpg 1320w\" sizes=\"(max-width: 683px) 100vw, 683px\" \/>\t\t\t\t\t\t\t\t<\/a>\n\t\t\t\t\t\t\t\t\t\t\t<figcaption class=\"widget-image-caption wp-caption-text\">Portraits<\/figcaption>\n\t\t\t\t\t\t\t\t\t\t<\/figure>\n\t\t\t\t\t\t\t\t\t<\/div>\n\t\t\t\t<\/div>\n\t\t\t\t\t<\/div>\n\t\t\t\t<\/div>\n\t\t\t\t<\/div>\n\t\t","protected":false},"excerpt":{"rendered":"<p>De fer et de pierre Water Towers Brutal Crash Test Friedhofsblumen UPUP Portraits<\/p>\n","protected":false},"author":1,"featured_media":0,"parent":0,"menu_order":0,"comment_status":"closed","ping_status":"closed","template":"","meta":{"ocean_post_layout":"","ocean_both_sidebars_style":"","ocean_both_sidebars_content_width":0,"ocean_both_sidebars_sidebars_width":0,"ocean_sidebar":"","ocean_second_sidebar":"","ocean_disable_margins":"enable","ocean_add_body_class":"","ocean_shortcode_before_top_bar":"","ocean_shortcode_after_top_bar":"","ocean_shortcode_before_header":"","ocean_shortcode_after_header":"","ocean_has_shortcode":"","ocean_shortcode_after_title":"","ocean_shortcode_before_footer_widgets":"","ocean_shortcode_after_footer_widgets":"","ocean_shortcode_before_footer_bottom":"","ocean_shortcode_after_footer_bottom":"","ocean_display_top_bar":"default","ocean_display_header":"default","ocean_header_style":"","ocean_center_header_left_menu":"","ocean_custom_header_template":"","ocean_custom_logo":0,"ocean_custom_retina_logo":0,"ocean_custom_logo_max_width":0,"ocean_custom_logo_tablet_max_width":0,"ocean_custom_logo_mobile_max_width":0,"ocean_custom_logo_max_height":0,"ocean_custom_logo_tablet_max_height":0,"ocean_custom_logo_mobile_max_height":0,"ocean_header_custom_menu":"","ocean_menu_typo_font_family":"","ocean_menu_typo_font_subset":"","ocean_menu_typo_font_size":0,"ocean_menu_typo_font_size_tablet":0,"ocean_menu_typo_font_size_mobile":0,"ocean_menu_typo_font_size_unit":"px","ocean_menu_typo_font_weight":"","ocean_menu_typo_font_weight_tablet":"","ocean_menu_typo_font_weight_mobile":"","ocean_menu_typo_transform":"","ocean_menu_typo_transform_tablet":"","ocean_menu_typo_transform_mobile":"","ocean_menu_typo_line_height":0,"ocean_menu_typo_line_height_tablet":0,"ocean_menu_typo_line_height_mobile":0,"ocean_menu_typo_line_height_unit":"","ocean_menu_typo_spacing":0,"ocean_menu_typo_spacing_tablet":0,"ocean_menu_typo_spacing_mobile":0,"ocean_menu_typo_spacing_unit":"","ocean_menu_link_color":"","ocean_menu_link_color_hover":"","ocean_menu_link_color_active":"","ocean_menu_link_background":"","ocean_menu_link_hover_background":"","ocean_menu_link_active_background":"","ocean_menu_social_links_bg":"","ocean_menu_social_hover_links_bg":"","ocean_menu_social_links_color":"","ocean_menu_social_hover_links_color":"","ocean_disable_title":"default","ocean_disable_heading":"default","ocean_post_title":"","ocean_post_subheading":"","ocean_post_title_style":"","ocean_post_title_background_color":"","ocean_post_title_background":0,"ocean_post_title_bg_image_position":"","ocean_post_title_bg_image_attachment":"","ocean_post_title_bg_image_repeat":"","ocean_post_title_bg_image_size":"","ocean_post_title_height":0,"ocean_post_title_bg_overlay":0.5,"ocean_post_title_bg_overlay_color":"","ocean_disable_breadcrumbs":"default","ocean_breadcrumbs_color":"","ocean_breadcrumbs_separator_color":"","ocean_breadcrumbs_links_color":"","ocean_breadcrumbs_links_hover_color":"","ocean_display_footer_widgets":"default","ocean_display_footer_bottom":"default","ocean_custom_footer_template":"","slim_seo":{"title":"photographie","description":"De fer et de pierre Water Towers Brutal Crash Test Friedhofsblumen UPUP Portraits"},"_vp_format_video_url":"","_vp_image_focal_point":[],"footnotes":""},"class_list":["post-204","page","type-page","status-publish","hentry","entry"],"_links":{"self":[{"href":"https:\/\/www.nihiliste.art\/index.php\/wp-json\/wp\/v2\/pages\/204","targetHints":{"allow":["GET"]}}],"collection":[{"href":"https:\/\/www.nihiliste.art\/index.php\/wp-json\/wp\/v2\/pages"}],"about":[{"href":"https:\/\/www.nihiliste.art\/index.php\/wp-json\/wp\/v2\/types\/page"}],"author":[{"embeddable":true,"href":"https:\/\/www.nihiliste.art\/index.php\/wp-json\/wp\/v2\/users\/1"}],"replies":[{"embeddable":true,"href":"https:\/\/www.nihiliste.art\/index.php\/wp-json\/wp\/v2\/comments?post=204"}],"version-history":[{"count":54,"href":"https:\/\/www.nihiliste.art\/index.php\/wp-json\/wp\/v2\/pages\/204\/revisions"}],"predecessor-version":[{"id":2717,"href":"https:\/\/www.nihiliste.art\/index.php\/wp-json\/wp\/v2\/pages\/204\/revisions\/2717"}],"wp:attachment":[{"href":"https:\/\/www.nihiliste.art\/index.php\/wp-json\/wp\/v2\/media?parent=204"}],"curies":[{"name":"wp","href":"https:\/\/api.w.org\/{rel}","templated":true}]}}