{"id":200,"date":"2023-11-07T15:06:35","date_gmt":"2023-11-07T14:06:35","guid":{"rendered":"https:\/\/www.nihiliste.art\/?page_id=200"},"modified":"2023-12-22T13:40:40","modified_gmt":"2023-12-22T12:40:40","slug":"accueil","status":"publish","type":"page","link":"https:\/\/www.nihiliste.art\/index.php\/accueil\/","title":{"rendered":"Accueil"},"content":{"rendered":"\t\t<div data-elementor-type=\"wp-page\" data-elementor-id=\"200\" class=\"elementor elementor-200\">\n\t\t\t\t<div class=\"elementor-element elementor-element-6d94ccd e-flex e-con-boxed e-con e-parent\" data-id=\"6d94ccd\" data-element_type=\"container\" data-e-type=\"container\">\n\t\t\t\t\t<div class=\"e-con-inner\">\n\t\t\t\t<div class=\"elementor-element elementor-element-8023837 elementor-widget elementor-widget-text-editor\" data-id=\"8023837\" data-element_type=\"widget\" data-e-type=\"widget\" data-widget_type=\"text-editor.default\">\n\t\t\t\t<div class=\"elementor-widget-container\">\n\t\t\t\t\t\t\t\t\t<div><div class=\"\" dir=\"auto\"><div id=\":r1r:\" class=\"x1iorvi4 x1pi30zi x1swvt13 xjkvuk6\" data-ad-comet-preview=\"message\" data-ad-preview=\"message\"><div class=\"x78zum5 xdt5ytf xz62fqu x16ldp7u\"><div class=\"xu06os2 x1ok221b\"><div class=\"xdj266r x11i5rnm xat24cr x1mh8g0r x1vvkbs x126k92a\"><div dir=\"auto\">Le nihilisme d\u00e9signe un scepticisme absolu, qui consid\u00e8re le monde ainsi que l\u2019existence humaine comme d\u00e9nu\u00e9s de sens, de v\u00e9rit\u00e9 compr\u00e9hensible ou de valeurs absolues. Il rejette ainsi toute hi\u00e9rarchie des valeurs, toute morale, toute croyance et toute transcendance.<\/div><div dir=\"auto\">\u00a0<\/div><div dir=\"auto\">Partant du principe du rejet de toute hi\u00e9rarchie des valeurs, du rejet d\u2019un dieu, d&rsquo;un ma\u00eetre, de l&rsquo;autorit\u00e9 ainsi que du dictat des modes et tendances dans l&rsquo;art et la culture, je cr\u00e9e des images et des figures, des id\u00e9es et des r\u00e9flexions sur le monde qui m&rsquo;entoure : la vie et la mort.<\/div><\/div><\/div><\/div><\/div><\/div><\/div><div><div class=\"\" dir=\"auto\"><div id=\":r1r:\" class=\"x1iorvi4 x1pi30zi x1swvt13 xjkvuk6\" data-ad-comet-preview=\"message\" data-ad-preview=\"message\"><div class=\"x78zum5 xdt5ytf xz62fqu x16ldp7u\"><div class=\"xu06os2 x1ok221b\"><div class=\"xdj266r x11i5rnm xat24cr x1mh8g0r x1vvkbs x126k92a\"><div dir=\"auto\">Faire des images, pour l\u2019esth\u00e9tisme, d\u00e9noncer un concept social ou encore cr\u00e9er un monde chim\u00e9rique, le besoin de perfection n\u2019est pas n\u00e9cessaire.<\/div><div dir=\"auto\">\u00a0<\/div><div dir=\"auto\">On peut se rappeler l\u2019adage attribu\u00e9 \u00e0 Montesquieu \u00ab Le mieux est le mortel ennemi du bien \u00bb. Mais aussi, comme l&rsquo;a dit Mae West \u00ab Les gentilles filles vont au paradis, les autres o\u00f9 elles veulent \u00bb.<\/div><\/div><\/div><\/div><\/div><\/div><\/div>\t\t\t\t\t\t\t\t<\/div>\n\t\t\t\t<\/div>\n\t\t\t\t\t<\/div>\n\t\t\t\t<\/div>\n\t\t\t\t<\/div>\n\t\t","protected":false},"excerpt":{"rendered":"<p>Le nihilisme d\u00e9signe un scepticisme absolu, qui consid\u00e8re le monde ainsi que l\u2019existence humaine comme d\u00e9nu\u00e9s de sens, de v\u00e9rit\u00e9 compr\u00e9hensible ou de valeurs absolues. Il rejette ainsi toute hi\u00e9rarchie des valeurs, toute morale, toute croyance et toute transcendance.\u00a0Partant du principe du rejet de toute hi\u00e9rarchie des valeurs, du rejet d\u2019un dieu, d&rsquo;un ma\u00eetre, de [&hellip;]<\/p>\n","protected":false},"author":1,"featured_media":0,"parent":0,"menu_order":0,"comment_status":"closed","ping_status":"closed","template":"","meta":{"ocean_post_layout":"","ocean_both_sidebars_style":"","ocean_both_sidebars_content_width":0,"ocean_both_sidebars_sidebars_width":0,"ocean_sidebar":"","ocean_second_sidebar":"","ocean_disable_margins":"enable","ocean_add_body_class":"","ocean_shortcode_before_top_bar":"","ocean_shortcode_after_top_bar":"","ocean_shortcode_before_header":"","ocean_shortcode_after_header":"","ocean_has_shortcode":"","ocean_shortcode_after_title":"","ocean_shortcode_before_footer_widgets":"","ocean_shortcode_after_footer_widgets":"","ocean_shortcode_before_footer_bottom":"","ocean_shortcode_after_footer_bottom":"","ocean_display_top_bar":"default","ocean_display_header":"default","ocean_header_style":"","ocean_center_header_left_menu":"","ocean_custom_header_template":"","ocean_custom_logo":0,"ocean_custom_retina_logo":0,"ocean_custom_logo_max_width":0,"ocean_custom_logo_tablet_max_width":0,"ocean_custom_logo_mobile_max_width":0,"ocean_custom_logo_max_height":0,"ocean_custom_logo_tablet_max_height":0,"ocean_custom_logo_mobile_max_height":0,"ocean_header_custom_menu":"","ocean_menu_typo_font_family":"","ocean_menu_typo_font_subset":"","ocean_menu_typo_font_size":0,"ocean_menu_typo_font_size_tablet":0,"ocean_menu_typo_font_size_mobile":0,"ocean_menu_typo_font_size_unit":"px","ocean_menu_typo_font_weight":"","ocean_menu_typo_font_weight_tablet":"","ocean_menu_typo_font_weight_mobile":"","ocean_menu_typo_transform":"","ocean_menu_typo_transform_tablet":"","ocean_menu_typo_transform_mobile":"","ocean_menu_typo_line_height":0,"ocean_menu_typo_line_height_tablet":0,"ocean_menu_typo_line_height_mobile":0,"ocean_menu_typo_line_height_unit":"","ocean_menu_typo_spacing":0,"ocean_menu_typo_spacing_tablet":0,"ocean_menu_typo_spacing_mobile":0,"ocean_menu_typo_spacing_unit":"","ocean_menu_link_color":"","ocean_menu_link_color_hover":"","ocean_menu_link_color_active":"","ocean_menu_link_background":"","ocean_menu_link_hover_background":"","ocean_menu_link_active_background":"","ocean_menu_social_links_bg":"","ocean_menu_social_hover_links_bg":"","ocean_menu_social_links_color":"","ocean_menu_social_hover_links_color":"","ocean_disable_title":"default","ocean_disable_heading":"default","ocean_post_title":"","ocean_post_subheading":"","ocean_post_title_style":"","ocean_post_title_background_color":"","ocean_post_title_background":0,"ocean_post_title_bg_image_position":"","ocean_post_title_bg_image_attachment":"","ocean_post_title_bg_image_repeat":"","ocean_post_title_bg_image_size":"","ocean_post_title_height":0,"ocean_post_title_bg_overlay":0.5,"ocean_post_title_bg_overlay_color":"","ocean_disable_breadcrumbs":"default","ocean_breadcrumbs_color":"","ocean_breadcrumbs_separator_color":"","ocean_breadcrumbs_links_color":"","ocean_breadcrumbs_links_hover_color":"","ocean_display_footer_widgets":"default","ocean_display_footer_bottom":"default","ocean_custom_footer_template":"","slim_seo":{"title":"Nihiliste photographie","description":"Le nihilisme d\u00e9signe un scepticisme absolu, qui consid\u00e8re le monde ainsi que l\u2019existence humaine comme d\u00e9nu\u00e9s de sens, de v\u00e9rit\u00e9 compr\u00e9hensible ou de valeurs ab"},"_vp_format_video_url":"","_vp_image_focal_point":[],"footnotes":""},"class_list":["post-200","page","type-page","status-publish","hentry","entry"],"_links":{"self":[{"href":"https:\/\/www.nihiliste.art\/index.php\/wp-json\/wp\/v2\/pages\/200","targetHints":{"allow":["GET"]}}],"collection":[{"href":"https:\/\/www.nihiliste.art\/index.php\/wp-json\/wp\/v2\/pages"}],"about":[{"href":"https:\/\/www.nihiliste.art\/index.php\/wp-json\/wp\/v2\/types\/page"}],"author":[{"embeddable":true,"href":"https:\/\/www.nihiliste.art\/index.php\/wp-json\/wp\/v2\/users\/1"}],"replies":[{"embeddable":true,"href":"https:\/\/www.nihiliste.art\/index.php\/wp-json\/wp\/v2\/comments?post=200"}],"version-history":[{"count":49,"href":"https:\/\/www.nihiliste.art\/index.php\/wp-json\/wp\/v2\/pages\/200\/revisions"}],"predecessor-version":[{"id":1067,"href":"https:\/\/www.nihiliste.art\/index.php\/wp-json\/wp\/v2\/pages\/200\/revisions\/1067"}],"wp:attachment":[{"href":"https:\/\/www.nihiliste.art\/index.php\/wp-json\/wp\/v2\/media?parent=200"}],"curies":[{"name":"wp","href":"https:\/\/api.w.org\/{rel}","templated":true}]}}